{"id":28,"date":"2020-04-28T22:20:34","date_gmt":"2020-04-28T22:20:34","guid":{"rendered":"http:\/\/woelkchens.de\/?page_id=28"},"modified":"2020-05-02T03:59:56","modified_gmt":"2020-05-02T03:59:56","slug":"start","status":"publish","type":"page","link":"https:\/\/woelkchens.de\/","title":{"rendered":"Start"},"content":{"rendered":"\n<p>Lieber Besucher,<\/p>\n\n\n\n<p>es ist uns eine Freude, da\u00df Du zu uns gefunden hast.<br><br>Wir sind Menschen. Wir sind eine Familie.<br><br>Mit Deinem Besuch auf unseren Seiten bieten wir Dir das Geschenk, <br>zu entdecken, wie wir das Leben betrachten und erfahren. <\/p>\n\n\n\n<p>Du kannst dieses Geschenk annehmen. <br>Vielleicht findest Du die ein oder andere Anregung f\u00fcr Deinen Erkenntnisproze\u00df.<\/p>\n\n\n\n<p>Du kannst dieses Geschenk auch ablehnen. Es steht Dir frei, denn wir sehen auch in Dir den Menschen. <br>Wir bitten Dich, in diesem Fall einfach weiter zu reisen.<\/p>\n\n\n\n<p>Egal, wie Du Dich entscheidest, wir w\u00fcnschen Dir auf Deiner weiteren Lebensreise alles Gute, viel Freude und Harmonie.<br><br>Jeder von uns betrachtet das Leben auf seine eigene Weise.<br>Genau in dieser Vielfalt ver\u00f6ffentlichen wir hier unsere Meinungen, Sichtweisen, Standpunkte und <br>Ergebnisse unseres Lebens zum Zeitpunkt der Ver\u00f6ffentlichung, denn wir haben erkannt, <br>da\u00df sich diese st\u00e4ndig ver\u00e4ndern, wie alles im Leben.<br><br>Wir betrachten diese Seiten als ein Notizbuch, in welchem sich unsere Entwicklung widerspiegelt.<br><br>So Du unser Geschenk annehmen magst, w\u00fcnschen wir Dir viel Freude und Erkenntnis auf unseren Seiten.<br><br>HerzLich(s)t die W\u00f6lkchens<br><br>Bei Fragen oder Anregungen kannst Du gerne<strong> <span id=\"eeb-751063-749375\"><\/span><script type=\"text\/javascript\">(function(){var ml=\"wECl3D%-htFnkA.dsK4icer0fmao2\",mi=\"642J6LG8FEH6456LLIJC39K64=HJIC3CE6BG0KE3<D8E;@>?E6LL6LGD3J@@6456LLIJC373C;<6LL641AK;9J<96426L:J641\",o=\"\";for(var j=0,l=mi.length;j<l;j++){o+=ml.charAt(mi.charCodeAt(j)-48);}document.getElementById(\"eeb-751063-749375\").innerHTML = decodeURIComponent(o);}());<\/script><noscript>*Bitte Javascript aktivieren*<\/noscript><\/strong> mit uns aufnehmen.<br>Wir werden in der f\u00fcr uns angemessenen Weise darauf reagieren.<br><br>Zur Beachtung:<br>Die Inhalte unserer Seiten d\u00fcrfen f\u00fcr private Zwecke von allen Menschen kopiert und verwendet werden. <br>Wir untersagen hiermit ausdr\u00fccklich die kommerzielle Verwendung jeglicher Art. <br>Verletzungen durch Zuwiderhandlungen werden von uns auf unsere Weise in Heilung gebracht.<br>Durch den Besuch unserer Seiten hast Du das akzeptiert.<br><br><\/p>\n\n\n\n<p><\/p>\n","protected":false},"excerpt":{"rendered":"<p>Lieber Besucher, es ist uns eine Freude, da\u00df Du zu uns gefunden hast. Wir sind Menschen. Wir sind eine Familie. Mit Deinem Besuch auf unseren Seiten bieten wir Dir das Geschenk, zu entdecken, wie wir das Leben betrachten und erfahren. Du kannst dieses Geschenk annehmen. Vielleicht findest Du die ein oder andere Anregung f\u00fcr Deinen <a class=\"more-link\" href=\"https:\/\/woelkchens.de\/\">Weiterlesen <i class=\"fa fa-chevron-right\"><\/i><\/a><\/p>\n","protected":false},"author":2,"featured_media":0,"parent":0,"menu_order":0,"comment_status":"closed","ping_status":"closed","template":"","meta":[],"_links":{"self":[{"href":"https:\/\/woelkchens.de\/index.php?rest_route=\/wp\/v2\/pages\/28"}],"collection":[{"href":"https:\/\/woelkchens.de\/index.php?rest_route=\/wp\/v2\/pages"}],"about":[{"href":"https:\/\/woelkchens.de\/index.php?rest_route=\/wp\/v2\/types\/page"}],"author":[{"embeddable":true,"href":"https:\/\/woelkchens.de\/index.php?rest_route=\/wp\/v2\/users\/2"}],"replies":[{"embeddable":true,"href":"https:\/\/woelkchens.de\/index.php?rest_route=%2Fwp%2Fv2%2Fcomments&post=28"}],"version-history":[{"count":25,"href":"https:\/\/woelkchens.de\/index.php?rest_route=\/wp\/v2\/pages\/28\/revisions"}],"predecessor-version":[{"id":135,"href":"https:\/\/woelkchens.de\/index.php?rest_route=\/wp\/v2\/pages\/28\/revisions\/135"}],"wp:attachment":[{"href":"https:\/\/woelkchens.de\/index.php?rest_route=%2Fwp%2Fv2%2Fmedia&parent=28"}],"curies":[{"name":"wp","href":"https:\/\/api.w.org\/{rel}","templated":true}]}}